{"id":1409,"date":"2016-07-14T08:41:03","date_gmt":"2016-07-14T06:41:03","guid":{"rendered":"https:\/\/hasseltornet.se\/en\/startsida\/"},"modified":"2023-06-07T14:20:28","modified_gmt":"2023-06-07T12:20:28","slug":"front-page","status":"publish","type":"page","link":"https:\/\/hasseltornet.se\/en\/","title":{"rendered":"Front page"},"content":{"rendered":"","protected":false},"excerpt":{"rendered":"","protected":false},"author":1,"featured_media":0,"parent":0,"menu_order":0,"comment_status":"closed","ping_status":"closed","template":"","meta":{"_monsterinsights_skip_tracking":false,"_monsterinsights_sitenote_active":false,"_monsterinsights_sitenote_note":"","_monsterinsights_sitenote_category":0,"footnotes":""},"class_list":["post-1409","page","type-page","status-publish","hentry"],"yoast_head":"<!-- This site is optimized with the Yoast SEO plugin v20.5 - https:\/\/yoast.com\/wordpress\/plugins\/seo\/ -->\n<title>Hasseltornet - Front page<\/title>\n<meta name=\"description\" content=\"Att \u201dbo\u201d \u00e4r ett vitt begrepp. F\u00f6r oss handlar det inte bara om trygghet och tak \u00f6ver huvudet. Vi skapar livskvalit\u00e9.\" \/>\n<meta name=\"robots\" content=\"index, follow, max-snippet:-1, max-image-preview:large, max-video-preview:-1\" \/>\n<link rel=\"canonical\" href=\"https:\/\/hasseltornet.se\/en\/\" \/>\n<meta property=\"og:locale\" content=\"en_US\" \/>\n<meta property=\"og:type\" content=\"article\" \/>\n<meta property=\"og:title\" content=\"Hasseltornet - Front page\" \/>\n<meta property=\"og:description\" content=\"Att \u201dbo\u201d \u00e4r ett vitt begrepp. F\u00f6r oss handlar det inte bara om trygghet och tak \u00f6ver huvudet. Vi skapar livskvalit\u00e9.\" \/>\n<meta property=\"og:url\" content=\"https:\/\/hasseltornet.se\/en\/\" \/>\n<meta property=\"og:site_name\" content=\"Hasseltornet\" \/>\n<meta property=\"article:modified_time\" content=\"2023-06-07T12:20:28+00:00\" \/>\n<meta name=\"twitter:card\" content=\"summary_large_image\" \/>\n<script type=\"application\/ld+json\" class=\"yoast-schema-graph\">{\"@context\":\"https:\/\/schema.org\",\"@graph\":[{\"@type\":\"WebPage\",\"@id\":\"https:\/\/hasseltornet.se\/en\/\",\"url\":\"https:\/\/hasseltornet.se\/en\/\",\"name\":\"Hasseltornet - Front page\",\"isPartOf\":{\"@id\":\"https:\/\/hasseltornet.se\/#website\"},\"datePublished\":\"2016-07-14T06:41:03+00:00\",\"dateModified\":\"2023-06-07T12:20:28+00:00\",\"description\":\"Att \u201dbo\u201d \u00e4r ett vitt begrepp. F\u00f6r oss handlar det inte bara om trygghet och tak \u00f6ver huvudet. Vi skapar livskvalit\u00e9.\",\"breadcrumb\":{\"@id\":\"https:\/\/hasseltornet.se\/en\/#breadcrumb\"},\"inLanguage\":\"en-US\",\"potentialAction\":[{\"@type\":\"ReadAction\",\"target\":[\"https:\/\/hasseltornet.se\/en\/\"]}]},{\"@type\":\"BreadcrumbList\",\"@id\":\"https:\/\/hasseltornet.se\/en\/#breadcrumb\",\"itemListElement\":[{\"@type\":\"ListItem\",\"position\":1,\"name\":\"Hem\",\"item\":\"https:\/\/hasseltornet.se\/en\/\"},{\"@type\":\"ListItem\",\"position\":2,\"name\":\"Front page\"}]},{\"@type\":\"WebSite\",\"@id\":\"https:\/\/hasseltornet.se\/#website\",\"url\":\"https:\/\/hasseltornet.se\/\",\"name\":\"Hasseltornet\",\"description\":\"Livskvalit\u00e9. Nu och i framtiden.\",\"potentialAction\":[{\"@type\":\"SearchAction\",\"target\":{\"@type\":\"EntryPoint\",\"urlTemplate\":\"https:\/\/hasseltornet.se\/?s={search_term_string}\"},\"query-input\":\"required name=search_term_string\"}],\"inLanguage\":\"en-US\"}]}<\/script>\n<!-- \/ Yoast SEO plugin. -->","yoast_head_json":{"title":"Hasseltornet - Front page","description":"Att \u201dbo\u201d \u00e4r ett vitt begrepp. F\u00f6r oss handlar det inte bara om trygghet och tak \u00f6ver huvudet. Vi skapar livskvalit\u00e9.","robots":{"index":"index","follow":"follow","max-snippet":"max-snippet:-1","max-image-preview":"max-image-preview:large","max-video-preview":"max-video-preview:-1"},"canonical":"https:\/\/hasseltornet.se\/en\/","og_locale":"en_US","og_type":"article","og_title":"Hasseltornet - Front page","og_description":"Att \u201dbo\u201d \u00e4r ett vitt begrepp. F\u00f6r oss handlar det inte bara om trygghet och tak \u00f6ver huvudet. Vi skapar livskvalit\u00e9.","og_url":"https:\/\/hasseltornet.se\/en\/","og_site_name":"Hasseltornet","article_modified_time":"2023-06-07T12:20:28+00:00","twitter_card":"summary_large_image","schema":{"@context":"https:\/\/schema.org","@graph":[{"@type":"WebPage","@id":"https:\/\/hasseltornet.se\/en\/","url":"https:\/\/hasseltornet.se\/en\/","name":"Hasseltornet - Front page","isPartOf":{"@id":"https:\/\/hasseltornet.se\/#website"},"datePublished":"2016-07-14T06:41:03+00:00","dateModified":"2023-06-07T12:20:28+00:00","description":"Att \u201dbo\u201d \u00e4r ett vitt begrepp. F\u00f6r oss handlar det inte bara om trygghet och tak \u00f6ver huvudet. Vi skapar livskvalit\u00e9.","breadcrumb":{"@id":"https:\/\/hasseltornet.se\/en\/#breadcrumb"},"inLanguage":"en-US","potentialAction":[{"@type":"ReadAction","target":["https:\/\/hasseltornet.se\/en\/"]}]},{"@type":"BreadcrumbList","@id":"https:\/\/hasseltornet.se\/en\/#breadcrumb","itemListElement":[{"@type":"ListItem","position":1,"name":"Hem","item":"https:\/\/hasseltornet.se\/en\/"},{"@type":"ListItem","position":2,"name":"Front page"}]},{"@type":"WebSite","@id":"https:\/\/hasseltornet.se\/#website","url":"https:\/\/hasseltornet.se\/","name":"Hasseltornet","description":"Livskvalit\u00e9. Nu och i framtiden.","potentialAction":[{"@type":"SearchAction","target":{"@type":"EntryPoint","urlTemplate":"https:\/\/hasseltornet.se\/?s={search_term_string}"},"query-input":"required name=search_term_string"}],"inLanguage":"en-US"}]}},"_links":{"self":[{"href":"https:\/\/hasseltornet.se\/en\/wp-json\/wp\/v2\/pages\/1409","targetHints":{"allow":["GET"]}}],"collection":[{"href":"https:\/\/hasseltornet.se\/en\/wp-json\/wp\/v2\/pages"}],"about":[{"href":"https:\/\/hasseltornet.se\/en\/wp-json\/wp\/v2\/types\/page"}],"author":[{"embeddable":true,"href":"https:\/\/hasseltornet.se\/en\/wp-json\/wp\/v2\/users\/1"}],"replies":[{"embeddable":true,"href":"https:\/\/hasseltornet.se\/en\/wp-json\/wp\/v2\/comments?post=1409"}],"version-history":[{"count":8,"href":"https:\/\/hasseltornet.se\/en\/wp-json\/wp\/v2\/pages\/1409\/revisions"}],"predecessor-version":[{"id":3593,"href":"https:\/\/hasseltornet.se\/en\/wp-json\/wp\/v2\/pages\/1409\/revisions\/3593"}],"wp:attachment":[{"href":"https:\/\/hasseltornet.se\/en\/wp-json\/wp\/v2\/media?parent=1409"}],"curies":[{"name":"wp","href":"https:\/\/api.w.org\/{rel}","templated":true}]}}